{"id":13438,"date":"2020-11-05T18:03:17","date_gmt":"2020-11-05T17:03:17","guid":{"rendered":"https:\/\/arc-homes.com\/empreendimentos\/"},"modified":"2022-12-28T13:18:17","modified_gmt":"2022-12-28T12:18:17","slug":"empreendimentos","status":"publish","type":"page","link":"https:\/\/arc-homes.com\/pt-pt\/empreendimentos\/","title":{"rendered":"Empreendimentos"},"content":{"rendered":"<p>[vc_row][vc_column]        <script>\n            (function($){\n                var theMap;\n                function initMap() {\n\n                    var drgflag = true;\n                    var houzez_is_mobile = false;\n                    if (\/Android|webOS|iPhone|iPad|iPod|BlackBerry|IEMobile|Opera Mini\/i.test(navigator.userAgent)) {\n                        drgflag = false;\n                        houzez_is_mobile = true;\n                    }\n\n                    \/* Properties Array *\/\n                    var properties = [{\"title\":\"ARC HOMES Rambla Catalunya 107-109\",\"full_address\":\"Rambla de Catalunya, 107 08008 Barcelona\",\"thumbnail\":\"<img width=\\\"385\\\" height=\\\"258\\\" src=\\\"https:\\\/\\\/arc-homes.com\\\/wp-content\\\/uploads\\\/2022\\\/12\\\/fachada_lado_rambla_catalunya_107_109_arc_homes-385x258.jpg\\\" class=\\\"attachment-houzez-property-thumb-image size-houzez-property-thumb-image wp-post-image\\\" alt=\\\"\\\" \\\/>\",\"url\":\"https:\\\/\\\/arc-homes.com\\\/pt-pt\\\/property\\\/arc-homes-rambla-catalunya-107-109\\\/\",\"prop_meta\":null,\"type\":\"\",\"images_count\":14,\"price\":\"<span class=\\\"item-price item-price-text\\\"><\\\/span>\",\"is_featured\":\"\",\"lat\":\"41.39378116734751\",\"lng\":\"2.1595160408008462\"},{\"title\":\"ARC HOMES Centre de la Vila 22\",\"full_address\":\"Santa Coloma de Gramenet, Barcelon\\u00e9s, Barcelona, Catalu\\u00f1a, Espa\\u00f1a\",\"thumbnail\":\"<img width=\\\"385\\\" height=\\\"258\\\" src=\\\"https:\\\/\\\/arc-homes.com\\\/wp-content\\\/uploads\\\/2019\\\/11\\\/terraza_low-385x258.jpg\\\" class=\\\"attachment-houzez-property-thumb-image size-houzez-property-thumb-image wp-post-image\\\" alt=\\\"\\\" \\\/>\",\"url\":\"https:\\\/\\\/arc-homes.com\\\/pt-pt\\\/property\\\/arc-homes-centre-de-la-vila-22\\\/\",\"prop_meta\":null,\"type\":\"\",\"images_count\":7,\"price\":\"<span class=\\\"item-price item-price-text\\\"><\\\/span>\",\"is_featured\":\"\",\"lat\":\"41.451477311945325\",\"lng\":\"2.205424802308926\"},{\"title\":\"Porto by ARC\",\"full_address\":\"R. Padre Diamantino Gomes, 4250-001 Porto, Portugal\",\"thumbnail\":\"<img width=\\\"385\\\" height=\\\"258\\\" src=\\\"https:\\\/\\\/arc-homes.com\\\/wp-content\\\/uploads\\\/2021\\\/11\\\/vista_interior_salon_rooftop_apartments_prelada_arc_homes-385x258.jpg\\\" class=\\\"attachment-houzez-property-thumb-image size-houzez-property-thumb-image wp-post-image\\\" alt=\\\"\\\" \\\/>\",\"url\":\"https:\\\/\\\/arc-homes.com\\\/pt-pt\\\/property\\\/porto-by-arc\\\/\",\"prop_meta\":null,\"type\":\"Apartamento\",\"images_count\":11,\"price\":\"<span class=\\\"item-price item-price-text\\\"><\\\/span>\",\"is_featured\":\"\",\"icon\":\"https:\\\/\\\/arc-homes.com\\\/wp-content\\\/themes\\\/houzez\\\/images\\\/map\\\/pin-single-family.png\",\"retinaIcon\":\"https:\\\/\\\/arc-homes.com\\\/wp-content\\\/themes\\\/houzez\\\/images\\\/map\\\/pin-single-family.png\",\"lat\":\"41.17336427102769\",\"lng\":\"-8.636263114933763\"},{\"title\":\"ARC HOMES Ausi\\u00e0s March 49\",\"full_address\":\"Arc de Triomf, el Fort Pienc, Eixample, Barcelona, Barcelon\\u00e9s, Barcelona, Catalu\\u00f1a, 08010, Espa\\u00f1a\",\"thumbnail\":\"<img width=\\\"385\\\" height=\\\"258\\\" src=\\\"https:\\\/\\\/arc-homes.com\\\/wp-content\\\/uploads\\\/2021\\\/10\\\/fachada_lateral_derecha_ausias_march_49_arc_homes-385x258.jpg\\\" class=\\\"attachment-houzez-property-thumb-image size-houzez-property-thumb-image wp-post-image\\\" alt=\\\"\\\" \\\/>\",\"url\":\"https:\\\/\\\/arc-homes.com\\\/pt-pt\\\/property\\\/arc-homes-ausias-march-49\\\/\",\"prop_meta\":null,\"type\":\"\",\"images_count\":34,\"price\":\"<span class=\\\"item-price item-price-text\\\"><\\\/span>\",\"is_featured\":\"\",\"lat\":\"41.39355989366009\",\"lng\":\"2.178565263748169\"},{\"title\":\"ARC HOMES La Devesa Unifamiliares\",\"full_address\":\"7, Carrer de Francesc Rog\\u00e9s, Eixample, Gerona, Giron\\u00e9s, Gerona, Catalu\\u00f1a, 17005, Espa\\u00f1a\",\"thumbnail\":\"<img width=\\\"385\\\" height=\\\"258\\\" src=\\\"https:\\\/\\\/arc-homes.com\\\/wp-content\\\/uploads\\\/2020\\\/10\\\/archomes_la_devesa_salon_vistas_terraza-385x258.jpg\\\" class=\\\"attachment-houzez-property-thumb-image size-houzez-property-thumb-image wp-post-image\\\" alt=\\\"\\\" \\\/>\",\"url\":\"https:\\\/\\\/arc-homes.com\\\/pt-pt\\\/property\\\/arc-homes-la-devesa-unifamiliares\\\/\",\"prop_meta\":null,\"type\":\"\",\"images_count\":9,\"price\":\"<span class=\\\"item-price item-price-text\\\"><\\\/span>\",\"is_featured\":\"\",\"lat\":\"41.9828052\",\"lng\":\"2.816874900000016\"},{\"title\":\"ARC HOMES Montilivi\",\"full_address\":\"1, Avinguda de Montilivi, Montilivi, Gerona, Giron\\u00e9s, Gerona, Catalu\\u00f1a, 17003, Espa\\u00f1a\",\"thumbnail\":\"<img width=\\\"385\\\" height=\\\"258\\\" src=\\\"https:\\\/\\\/arc-homes.com\\\/wp-content\\\/uploads\\\/2019\\\/07\\\/Petit-EXTERIOR-01-385x258.jpg\\\" class=\\\"attachment-houzez-property-thumb-image size-houzez-property-thumb-image wp-post-image\\\" alt=\\\"\\\" \\\/>\",\"url\":\"https:\\\/\\\/arc-homes.com\\\/pt-pt\\\/property\\\/arc-homes-montilivi\\\/\",\"prop_meta\":null,\"type\":\"\",\"images_count\":7,\"price\":\"<span class=\\\"item-price item-price-text\\\"><\\\/span>\",\"is_featured\":\"\",\"lat\":\"41.9721228\",\"lng\":\"2.8248211000000083\"},{\"title\":\"ARC HOMES Els Jardins de Can Mercader\",\"full_address\":\"Av. del Parc de Can Mercader - 08940 Cornell\\u00e0 de Llobregat, Barcelona\",\"thumbnail\":\"<img width=\\\"385\\\" height=\\\"258\\\" src=\\\"https:\\\/\\\/arc-homes.com\\\/wp-content\\\/uploads\\\/2019\\\/06\\\/can_mercader_fachada-385x258.jpg\\\" class=\\\"attachment-houzez-property-thumb-image size-houzez-property-thumb-image wp-post-image\\\" alt=\\\"\\\" \\\/>\",\"url\":\"https:\\\/\\\/arc-homes.com\\\/pt-pt\\\/property\\\/arc-homes-els-jardins-de-can-mercader\\\/\",\"prop_meta\":\"<p><\\\/p>\",\"type\":\"\",\"images_count\":6,\"price\":\"<span class=\\\"item-price item-price-text\\\"><\\\/span>\",\"is_featured\":\"\",\"lat\":\"41.35654987601874\",\"lng\":\"2.082831859588623\"},{\"title\":\"ARC HOMES Marlet 1\",\"full_address\":\"1, Carrer de Marlet, el G\\u00f2tic, Ciutat Vella, Barcelona, Barcelon\\u00e9s, Barcelona, Catalu\\u00f1a, 08002, Espa\\u00f1a\",\"thumbnail\":\"<img width=\\\"385\\\" height=\\\"258\\\" src=\\\"https:\\\/\\\/arc-homes.com\\\/wp-content\\\/uploads\\\/2019\\\/07\\\/marlet1-render-salon-1-385x258.jpg\\\" class=\\\"attachment-houzez-property-thumb-image size-houzez-property-thumb-image wp-post-image\\\" alt=\\\"\\\" \\\/>\",\"url\":\"https:\\\/\\\/arc-homes.com\\\/pt-pt\\\/property\\\/arc-homes-marlet-1\\\/\",\"prop_meta\":null,\"type\":\"\",\"images_count\":14,\"price\":\"<span class=\\\"item-price item-price-text\\\"><\\\/span>\",\"is_featured\":\"\",\"lat\":\"41.3824424\",\"lng\":\"2.175569600000017\"}];\n\n                    var google_map_style = HOUZEZ_ajaxcalls_vars.google_map_style;\n                    var googlemap_default_zoom = HOUZEZ_ajaxcalls_vars.googlemap_default_zoom;\n                    var googlemap_pin_cluster = HOUZEZ_ajaxcalls_vars.googlemap_pin_cluster;\n                    var googlemap_zoom_cluster = HOUZEZ_ajaxcalls_vars.googlemap_zoom_cluster;\n\n                    var myLatLng = new google.maps.LatLng(properties[0].lat,properties[0].lng);\n\n                    var houzezMapOptions = {\n                        zoom: parseInt(googlemap_default_zoom),\n                        maxZoom: 15,\n                        center: myLatLng,\n                        draggable: drgflag,\n                        disableDefaultUI: false,\n                        scrollwheel: false,\n                        mapTypeId: google.maps.MapTypeId.ROADMAP,\n                        scroll:{x:$(window).scrollLeft(),y:$(window).scrollTop()}\n                    };\n                    var theMap = new google.maps.Map(document.getElementById(\"houzez-listing-map-vc\"), houzezMapOptions);\n\n                    if( google_map_style !== '' ) {\n                        var styles = JSON.parse ( google_map_style );\n                        theMap.setOptions({styles: styles});\n                    }\n\n                    if (Modernizr.mq('only all and (max-width: 1000px)')) {\n                        theMap.setOptions({'draggable': false});\n                    }\n\n                    var markers = new Array();\n                    var current_marker = 0;\n                    var visible;\n\n                    var mapBounds = new google.maps.LatLngBounds();\n\n                    for( i = 0; i < properties.length; i++ ) {\n\n                        var marker_url = properties[i].icon;\n                        var marker_size = new google.maps.Size( 44, 56 );\n                        if( window.devicePixelRatio > 1.5 ) {\n                            if ( properties[i].retinaIcon ) {\n                                marker_url = properties[i].retinaIcon;\n                                marker_size = new google.maps.Size( 84, 106 );\n                            }\n                        }\n\n                        var marker_icon = {\n                            url: marker_url,\n                            size: marker_size,\n                            scaledSize: new google.maps.Size( 44, 56 ),\n                            origin: new google.maps.Point( 0, 0 ),\n                            anchor: new google.maps.Point( 7, 27 )\n                        };\n\n                        \/\/ Markers\n                        markers[i] = new google.maps.Marker({\n                            map: theMap,\n                            draggable: false,\n                            position: new google.maps.LatLng( properties[i].lat,properties[i].lng ),\n                            icon: marker_icon,\n                            title: properties[i].title,\n                            animation: google.maps.Animation.DROP,\n                            visible: true\n                        });\n\n                        mapBounds.extend(markers[i].getPosition());\n\n                        var infoBoxText = document.createElement(\"div\");\n                        infoBoxText.className = 'property-item item-grid map-info-box';\n                        infoBoxText.innerHTML =\n                            '<div class=\"figure-block\">'+\n                            '<figure class=\"item-thumb\">'+\n                            properties[i].is_featured +\n                            '<div class=\"price hide-on-list\">'+\n                            properties[i].price +\n                            '<\/div>'+\n                            '<a href=\"'+properties[i].url+'\" tabindex=\"0\">'+\n                            properties[i].thumbnail +\n                            '<\/a>'+\n                            '<figcaption class=\"thumb-caption cap-actions clearfix\">'+\n                            '<div class=\"pull-right\">'+\n                            '<span title=\"\" data-placement=\"top\" data-toggle=\"tooltip\" data-original-title=\"Photos\">'+\n                            '<i class=\"fa fa-camera\"><\/i> <span class=\"count\">('+ properties[i].images_count +')<\/span>'+\n                            '<\/span>'+\n                            '<\/div>'+\n                            '<\/figcaption>'+\n                            '<\/figure>'+\n                            '<\/div>' +\n                            '<div class=\"item-body\">' +\n                            '<div class=\"body-left\">' +\n                            '<div class=\"info-row\">' +\n                            '<h2><a href=\"'+properties[i].url+'\">'+properties[i].title+'<\/a><\/h2>' +\n                            '<h4>'+properties[i].full_address+'<\/h4>' +\n                            '<\/div>' +\n                            '<div class=\"table-list full-width info-row\">' +\n                            '<div class=\"cell\">' +\n                            '<div class=\"info-row amenities\">' +\n                            properties[i].prop_meta +\n                            '<p>'+properties[i].type+'<\/p>' +\n                            '<\/div>' +\n                            '<\/div>' +\n                            '<\/div>' +\n                            '<\/div>' +\n                            '<\/div>';\n\n\n                        var infoBoxOptions = {\n                            content: infoBoxText,\n                            disableAutoPan: true,\n                            maxWidth: 0,\n                            alignBottom: true,\n                            pixelOffset: new google.maps.Size( -122, -48 ),\n                            zIndex: null,\n                            closeBoxMargin: \"0 0 -16px -16px\",\n                            closeBoxURL: \"https:\/\/arc-homes.com\/wp-content\/themes\/houzez\/images\/map\/close.png\",\n                            infoBoxClearance: new google.maps.Size( 1, 1 ),\n                            isHidden: false,\n                            pane: \"floatPane\",\n                            enableEventPropagation: false\n                        };\n\n                        var infobox = new InfoBox( infoBoxOptions );\n\n                        attachInfoBoxToMarker( theMap, markers[i], infobox );\n\n                    }\n\n                    \/\/ Marker Clusters\n                    if( googlemap_pin_cluster != 'no' ) {\n                        var markerClustererOptions = {\n                            ignoreHidden: true,\n                            maxZoom: parseInt(googlemap_zoom_cluster),\n                            styles: [{\n                                textColor: '#ffffff',\n                                url: \"https:\/\/arc-homes.com\/wp-content\/uploads\/2019\/10\/cluster-icon.png\",\n                                height: 48,\n                                width: 48\n                            }]\n                        };\n\n                        var markerClusterer = new MarkerClusterer(theMap, markers, markerClustererOptions);\n                    }\n\n\n                    theMap.fitBounds(mapBounds);\n\n                    function attachInfoBoxToMarker( map, marker, infoBox ){\n                        marker.addListener('click', function() {\n                            var scale = Math.pow( 2, map.getZoom() );\n                            var offsety = ( (100\/scale) || 0 );\n                            var projection = map.getProjection();\n                            var markerPosition = marker.getPosition();\n                            var markerScreenPosition = projection.fromLatLngToPoint( markerPosition );\n                            var pointHalfScreenAbove = new google.maps.Point( markerScreenPosition.x, markerScreenPosition.y - offsety );\n                            var aboveMarkerLatLng = projection.fromPointToLatLng( pointHalfScreenAbove );\n                            map.setCenter( aboveMarkerLatLng );\n                            infoBox.close();\n                            infoBox.open( map, marker );\n                        });\n                    }\n\n\n                }\n\n                google.maps.event.addDomListener( window, 'load', initMap );\n\n            })(jQuery)\n        <\/script>\n        \n        <div id=\"houzez-gmap-vc-module\">\n            <div style=\"height: 550px; position: relative\" id=\"houzez-listing-map-vc\"><\/div>\n        <\/div>\n\n\n        [\/vc_column][\/vc_row]<\/p>\n","protected":false},"excerpt":{"rendered":"<p>[vc_row][vc_column][\/vc_column][\/vc_row]<\/p>\n","protected":false},"author":1,"featured_media":0,"parent":0,"menu_order":0,"comment_status":"closed","ping_status":"closed","template":"template\/property-listing-template.php","meta":{"_acf_changed":false,"_monsterinsights_skip_tracking":false,"_monsterinsights_sitenote_active":false,"_monsterinsights_sitenote_note":"","_monsterinsights_sitenote_category":0,"footnotes":""},"acf":[],"yoast_head":"<!-- This site is optimized with the Yoast SEO plugin v22.7 - https:\/\/yoast.com\/wordpress\/plugins\/seo\/ -->\n<title>Novos Empreendimentos en Barcelona y Girona<\/title>\n<meta name=\"description\" content=\"Descubra os nossos projetos. Im\u00f3veis novos e projetos de reabilita\u00e7\u00e3o em localiza\u00e7\u00f5es de excel\u00eancia em Barcelona, Santa Coloma de Gramenet, Cornell\u00e0, Girona e Rub\u00ed.\" \/>\n<meta name=\"robots\" content=\"index, follow, max-snippet:-1, max-image-preview:large, max-video-preview:-1\" \/>\n<link rel=\"canonical\" href=\"https:\/\/arc-homes.com\/promociones-obra-nueva\/\" \/>\n<meta property=\"og:locale\" content=\"pt_PT\" \/>\n<meta property=\"og:type\" content=\"article\" \/>\n<meta property=\"og:title\" content=\"Novos Empreendimentos en Barcelona y Girona\" \/>\n<meta property=\"og:description\" content=\"Descubra os nossos projetos. Im\u00f3veis novos e projetos de reabilita\u00e7\u00e3o em localiza\u00e7\u00f5es de excel\u00eancia em Barcelona, Santa Coloma de Gramenet, Cornell\u00e0, Girona e Rub\u00ed.\" \/>\n<meta property=\"og:url\" content=\"https:\/\/arc-homes.com\/promociones-obra-nueva\/\" \/>\n<meta property=\"og:site_name\" content=\"ARC Homes\" \/>\n<meta property=\"article:modified_time\" content=\"2022-12-28T12:18:17+00:00\" \/>\n<meta name=\"twitter:card\" content=\"summary_large_image\" \/>\n<script type=\"application\/ld+json\" class=\"yoast-schema-graph\">{\"@context\":\"https:\/\/schema.org\",\"@graph\":[{\"@type\":\"WebPage\",\"@id\":\"https:\/\/arc-homes.com\/promociones-obra-nueva\/\",\"url\":\"https:\/\/arc-homes.com\/promociones-obra-nueva\/\",\"name\":\"Novos Empreendimentos en Barcelona y Girona\",\"isPartOf\":{\"@id\":\"https:\/\/arc-homes.com\/#website\"},\"datePublished\":\"2020-11-05T17:03:17+00:00\",\"dateModified\":\"2022-12-28T12:18:17+00:00\",\"description\":\"Descubra os nossos projetos. Im\u00f3veis novos e projetos de reabilita\u00e7\u00e3o em localiza\u00e7\u00f5es de excel\u00eancia em Barcelona, Santa Coloma de Gramenet, Cornell\u00e0, Girona e Rub\u00ed.\",\"breadcrumb\":{\"@id\":\"https:\/\/arc-homes.com\/promociones-obra-nueva\/#breadcrumb\"},\"inLanguage\":\"pt-PT\",\"potentialAction\":[{\"@type\":\"ReadAction\",\"target\":[\"https:\/\/arc-homes.com\/promociones-obra-nueva\/\"]}]},{\"@type\":\"BreadcrumbList\",\"@id\":\"https:\/\/arc-homes.com\/promociones-obra-nueva\/#breadcrumb\",\"itemListElement\":[{\"@type\":\"ListItem\",\"position\":1,\"name\":\"Portada\",\"item\":\"https:\/\/arc-homes.com\/pt-pt\/\"},{\"@type\":\"ListItem\",\"position\":2,\"name\":\"Empreendimentos\"}]},{\"@type\":\"WebSite\",\"@id\":\"https:\/\/arc-homes.com\/#website\",\"url\":\"https:\/\/arc-homes.com\/\",\"name\":\"ARC Homes\",\"description\":\"Dise\u00f1amos hogares pensando en ti\",\"publisher\":{\"@id\":\"https:\/\/arc-homes.com\/#organization\"},\"potentialAction\":[{\"@type\":\"SearchAction\",\"target\":{\"@type\":\"EntryPoint\",\"urlTemplate\":\"https:\/\/arc-homes.com\/?s={search_term_string}\"},\"query-input\":\"required name=search_term_string\"}],\"inLanguage\":\"pt-PT\"},{\"@type\":\"Organization\",\"@id\":\"https:\/\/arc-homes.com\/#organization\",\"name\":\"ARC Homes\",\"url\":\"https:\/\/arc-homes.com\/\",\"logo\":{\"@type\":\"ImageObject\",\"inLanguage\":\"pt-PT\",\"@id\":\"https:\/\/arc-homes.com\/#\/schema\/logo\/image\/\",\"url\":\"https:\/\/arc-homes.com\/wp-content\/uploads\/2019\/10\/2019-10-07-2.png\",\"contentUrl\":\"https:\/\/arc-homes.com\/wp-content\/uploads\/2019\/10\/2019-10-07-2.png\",\"width\":600,\"height\":600,\"caption\":\"ARC Homes\"},\"image\":{\"@id\":\"https:\/\/arc-homes.com\/#\/schema\/logo\/image\/\"}}]}<\/script>\n<!-- \/ Yoast SEO plugin. -->","yoast_head_json":{"title":"Novos Empreendimentos en Barcelona y Girona","description":"Descubra os nossos projetos. Im\u00f3veis novos e projetos de reabilita\u00e7\u00e3o em localiza\u00e7\u00f5es de excel\u00eancia em Barcelona, Santa Coloma de Gramenet, Cornell\u00e0, Girona e Rub\u00ed.","robots":{"index":"index","follow":"follow","max-snippet":"max-snippet:-1","max-image-preview":"max-image-preview:large","max-video-preview":"max-video-preview:-1"},"canonical":"https:\/\/arc-homes.com\/promociones-obra-nueva\/","og_locale":"pt_PT","og_type":"article","og_title":"Novos Empreendimentos en Barcelona y Girona","og_description":"Descubra os nossos projetos. Im\u00f3veis novos e projetos de reabilita\u00e7\u00e3o em localiza\u00e7\u00f5es de excel\u00eancia em Barcelona, Santa Coloma de Gramenet, Cornell\u00e0, Girona e Rub\u00ed.","og_url":"https:\/\/arc-homes.com\/promociones-obra-nueva\/","og_site_name":"ARC Homes","article_modified_time":"2022-12-28T12:18:17+00:00","twitter_card":"summary_large_image","schema":{"@context":"https:\/\/schema.org","@graph":[{"@type":"WebPage","@id":"https:\/\/arc-homes.com\/promociones-obra-nueva\/","url":"https:\/\/arc-homes.com\/promociones-obra-nueva\/","name":"Novos Empreendimentos en Barcelona y Girona","isPartOf":{"@id":"https:\/\/arc-homes.com\/#website"},"datePublished":"2020-11-05T17:03:17+00:00","dateModified":"2022-12-28T12:18:17+00:00","description":"Descubra os nossos projetos. Im\u00f3veis novos e projetos de reabilita\u00e7\u00e3o em localiza\u00e7\u00f5es de excel\u00eancia em Barcelona, Santa Coloma de Gramenet, Cornell\u00e0, Girona e Rub\u00ed.","breadcrumb":{"@id":"https:\/\/arc-homes.com\/promociones-obra-nueva\/#breadcrumb"},"inLanguage":"pt-PT","potentialAction":[{"@type":"ReadAction","target":["https:\/\/arc-homes.com\/promociones-obra-nueva\/"]}]},{"@type":"BreadcrumbList","@id":"https:\/\/arc-homes.com\/promociones-obra-nueva\/#breadcrumb","itemListElement":[{"@type":"ListItem","position":1,"name":"Portada","item":"https:\/\/arc-homes.com\/pt-pt\/"},{"@type":"ListItem","position":2,"name":"Empreendimentos"}]},{"@type":"WebSite","@id":"https:\/\/arc-homes.com\/#website","url":"https:\/\/arc-homes.com\/","name":"ARC Homes","description":"Dise\u00f1amos hogares pensando en ti","publisher":{"@id":"https:\/\/arc-homes.com\/#organization"},"potentialAction":[{"@type":"SearchAction","target":{"@type":"EntryPoint","urlTemplate":"https:\/\/arc-homes.com\/?s={search_term_string}"},"query-input":"required name=search_term_string"}],"inLanguage":"pt-PT"},{"@type":"Organization","@id":"https:\/\/arc-homes.com\/#organization","name":"ARC Homes","url":"https:\/\/arc-homes.com\/","logo":{"@type":"ImageObject","inLanguage":"pt-PT","@id":"https:\/\/arc-homes.com\/#\/schema\/logo\/image\/","url":"https:\/\/arc-homes.com\/wp-content\/uploads\/2019\/10\/2019-10-07-2.png","contentUrl":"https:\/\/arc-homes.com\/wp-content\/uploads\/2019\/10\/2019-10-07-2.png","width":600,"height":600,"caption":"ARC Homes"},"image":{"@id":"https:\/\/arc-homes.com\/#\/schema\/logo\/image\/"}}]}},"_links":{"self":[{"href":"https:\/\/arc-homes.com\/pt-pt\/wp-json\/wp\/v2\/pages\/13438"}],"collection":[{"href":"https:\/\/arc-homes.com\/pt-pt\/wp-json\/wp\/v2\/pages"}],"about":[{"href":"https:\/\/arc-homes.com\/pt-pt\/wp-json\/wp\/v2\/types\/page"}],"author":[{"embeddable":true,"href":"https:\/\/arc-homes.com\/pt-pt\/wp-json\/wp\/v2\/users\/1"}],"replies":[{"embeddable":true,"href":"https:\/\/arc-homes.com\/pt-pt\/wp-json\/wp\/v2\/comments?post=13438"}],"version-history":[{"count":1,"href":"https:\/\/arc-homes.com\/pt-pt\/wp-json\/wp\/v2\/pages\/13438\/revisions"}],"predecessor-version":[{"id":13441,"href":"https:\/\/arc-homes.com\/pt-pt\/wp-json\/wp\/v2\/pages\/13438\/revisions\/13441"}],"wp:attachment":[{"href":"https:\/\/arc-homes.com\/pt-pt\/wp-json\/wp\/v2\/media?parent=13438"}],"curies":[{"name":"wp","href":"https:\/\/api.w.org\/{rel}","templated":true}]}}